{"id":2907,"date":"2025-06-16T13:05:47","date_gmt":"2025-06-16T13:05:47","guid":{"rendered":"https:\/\/polygonestudio.fr\/?page_id=2907"},"modified":"2025-06-16T13:05:57","modified_gmt":"2025-06-16T13:05:57","slug":"mentions-legales","status":"publish","type":"page","link":"https:\/\/polygonestudio.fr\/?page_id=2907","title":{"rendered":"Mentions L\u00e9gales"},"content":{"rendered":"\t\t<div data-elementor-type=\"wp-page\" data-elementor-id=\"2907\" class=\"elementor elementor-2907\">\n\t\t\t\t\t\t<section class=\"elementor-section elementor-top-section elementor-element elementor-element-0c704d6 elementor-section-boxed elementor-section-height-default elementor-section-height-default\" data-id=\"0c704d6\" data-element_type=\"section\" data-e-type=\"section\">\n\t\t\t\t\t\t<div class=\"elementor-container elementor-column-gap-default\">\n\t\t\t\t\t<div class=\"elementor-column elementor-col-100 elementor-top-column elementor-element elementor-element-3727b5d\" data-id=\"3727b5d\" data-element_type=\"column\" data-e-type=\"column\">\n\t\t\t<div class=\"elementor-widget-wrap elementor-element-populated\">\n\t\t\t\t\t\t<div class=\"elementor-element elementor-element-81efff3 elementor-widget elementor-widget-heading\" data-id=\"81efff3\" data-element_type=\"widget\" data-e-type=\"widget\" data-widget_type=\"heading.default\">\n\t\t\t\t<div class=\"elementor-widget-container\">\n\t\t\t\t\t<h2 class=\"elementor-heading-title elementor-size-default\"><p style=\"font-size: 16px;font-style: normal;, sans-serif;text-transform: none;white-space: normal\"><b>Mentions l\u00e9gales<\/b><span style=\"font-size: 2.125rem;font-style: inherit;font-family: Montserrat, sans-serif;text-transform: uppercase;white-space: pre-wrap\"><\/span><\/p><\/h2>\t\t\t\t<\/div>\n\t\t\t\t<\/div>\n\t\t\t\t<div class=\"elementor-element elementor-element-a08d4da elementor-widget-divider--view-line elementor-widget elementor-widget-divider\" data-id=\"a08d4da\" data-element_type=\"widget\" data-e-type=\"widget\" data-widget_type=\"divider.default\">\n\t\t\t\t<div class=\"elementor-widget-container\">\n\t\t\t\t\t\t\t<div class=\"elementor-divider\">\n\t\t\t<span class=\"elementor-divider-separator\">\n\t\t\t\t\t\t<\/span>\n\t\t<\/div>\n\t\t\t\t\t\t<\/div>\n\t\t\t\t<\/div>\n\t\t\t\t<div class=\"elementor-element elementor-element-baa3a7b elementor-widget elementor-widget-text-editor\" data-id=\"baa3a7b\" data-element_type=\"widget\" data-e-type=\"widget\" data-widget_type=\"text-editor.default\">\n\t\t\t\t<div class=\"elementor-widget-container\">\n\t\t\t\t\t\t\t\t\t<p><span style=\"font-style: inherit;\">En vigueur au 22\/06\/2023<\/span><\/p><p><span class=\"Apple-converted-space\">\u00a0<\/span><\/p><p>Conform\u00e9ment aux dispositions de la loi n\u00b02004-575 du 21 juin 2004 pour la Confiance en l\u2019\u00e9conomie num\u00e9rique, il est port\u00e9 \u00e0 la connaissance des utilisateurs et visiteurs, ci-apr\u00e8s l&#8217; &#8220;<b>Utilisateur<\/b>&#8220;, du site POLYGONE STUDIO SASU , ci-apr\u00e8s le &#8220;<b>Site<\/b>&#8220;, les pr\u00e9sentes mentions l\u00e9gales.<\/p><p>La connexion et la navigation sur le Site par l\u2019Utilisateur implique acceptation int\u00e9grale et sans r\u00e9serve des pr\u00e9sentes mentions l\u00e9gales.<\/p><p>Ces derni\u00e8res sont accessibles sur le Site \u00e0 la rubrique &#8220;<b>Mentions l\u00e9gales<\/b>&#8220;.<\/p><p><b>EDITION DU SITE<\/b><\/p><p>L&#8217;\u00e9dition du Site est assur\u00e9e par la soci\u00e9t\u00e9 POLYGONE STUDIO, SASU au capital de 1000 euros, immatricul\u00e9e au Registre du Commerce et des Soci\u00e9t\u00e9s de Lyon sous le num\u00e9ro 914529110 dont le si\u00e8ge social est situ\u00e9 au 6 rue Villon 69003 Lyon, <span class=\"Apple-converted-space\">\u00a0<\/span><\/p><p>&gt; <b>Adresse e-mail<\/b> : contact@polygonestudio.fr.<\/p><p>&gt; <b>N\u00b0 de TVA intracommunautaire<\/b> : FR57914529110<\/p><p>&gt; <b>Directeur de la publication<\/b> : Paul Thouvenin<\/p><p>ci-apr\u00e8s l'&#8221;<b>Editeur<\/b>&#8220;.<\/p><p><b>HEBERGEUR<\/b><\/p><p>L&#8217;h\u00e9bergeur du Site est la soci\u00e9t\u00e9 HOSTINGER, dont le si\u00e8ge social est situ\u00e9 au<span class=\"Apple-converted-space\">\u00a0 <\/span>HOSTINGER INTERNATIONAL LTD, 61 Lordou Vironos Street 6023 LARNACA, CHYPRE .<span class=\"Apple-converted-space\">\u00a0<\/span><\/p><p><b>ACCES AU SITE<\/b><\/p><p>Le Site est normalement accessible, \u00e0 tout moment, \u00e0 l&#8217;Utilisateur. Toutefois, l&#8217;Editeur pourra, \u00e0 tout moment, suspendre, limiter ou interrompre le Site afin de proc\u00e9der, notamment, \u00e0 des mises \u00e0 jour ou des modifications de son contenu. L&#8217;Editeur ne pourra en aucun cas \u00eatre tenu responsable des cons\u00e9quences \u00e9ventuelles de cette indisponibilit\u00e9 sur les activit\u00e9s de l&#8217;Utilisateur.<\/p><p>ci-apr\u00e8s l'&#8221;<b>Editeur<\/b>&#8220;.<\/p><p><b>HEBERGEUR<\/b><\/p><p>L&#8217;h\u00e9bergeur du Site est la soci\u00e9t\u00e9 HOSTINGER, dont le si\u00e8ge social est situ\u00e9 au<span class=\"Apple-converted-space\">\u00a0 <\/span>HOSTINGER INTERNATIONAL LTD, 61 Lordou Vironos Street 6023 LARNACA, CHYPRE . Le num\u00e9ro de t\u00e9l\u00e9phone de l&#8217;h\u00e9bergeur est le 37064503378.<\/p><p><b>ACCES AU SITE<\/b><\/p><p>Le Site est normalement accessible, \u00e0 tout moment, \u00e0 l&#8217;Utilisateur. Toutefois, l&#8217;Editeur pourra, \u00e0 tout moment, suspendre, limiter ou interrompre le Site afin de proc\u00e9der, notamment, \u00e0 des mises \u00e0 jour ou des modifications de son contenu. L&#8217;Editeur ne pourra en aucun cas \u00eatre tenu responsable des cons\u00e9quences \u00e9ventuelles de cette indisponibilit\u00e9 sur les activit\u00e9s de l&#8217;Utilisateur.<\/p><p><span class=\"Apple-converted-space\">\u00a0<\/span><\/p><p>Toute utilisation, reproduction, diffusion, commercialisation, modification de toute ou partie du Site, sans autorisation expresse de l\u2019Editeur est prohib\u00e9e et pourra entra\u00eener des actions et poursuites judiciaires telles que pr\u00e9vues par la r\u00e8glementation en vigueur.<\/p>\t\t\t\t\t\t\t\t<\/div>\n\t\t\t\t<\/div>\n\t\t\t\t\t<\/div>\n\t\t<\/div>\n\t\t\t\t\t<\/div>\n\t\t<\/section>\n\t\t\t\t<\/div>\n\t\t","protected":false},"excerpt":{"rendered":"<p>Mentions l\u00e9gales En vigueur au 22\/06\/2023 \u00a0 Conform\u00e9ment aux dispositions de la loi n\u00b02004-575 du 21 juin 2004 pour la Confiance en l\u2019\u00e9conomie num\u00e9rique, il est port\u00e9 \u00e0 la connaissance des utilisateurs et visiteurs, ci-apr\u00e8s l&#8217; &#8220;Utilisateur&#8220;, du site POLYGONE STUDIO SASU , ci-apr\u00e8s le &#8220;Site&#8220;, les pr\u00e9sentes mentions l\u00e9gales. La connexion et la navigation [&hellip;]<\/p>\n","protected":false},"author":1,"featured_media":0,"parent":0,"menu_order":0,"comment_status":"closed","ping_status":"closed","template":"","meta":{"_acf_changed":false,"om_disable_all_campaigns":false,"_monsterinsights_skip_tracking":false,"_monsterinsights_sitenote_active":false,"_monsterinsights_sitenote_note":"","_monsterinsights_sitenote_category":0,"site-sidebar-layout":"no-sidebar","site-content-layout":"page-builder","ast-site-content-layout":"default","site-content-style":"default","site-sidebar-style":"default","ast-global-header-display":"","ast-banner-title-visibility":"","ast-main-header-display":"","ast-hfb-above-header-display":"","ast-hfb-below-header-display":"","ast-hfb-mobile-header-display":"","site-post-title":"disabled","ast-breadcrumbs-content":"","ast-featured-img":"disabled","footer-sml-layout":"","ast-disable-related-posts":"","theme-transparent-header-meta":"enabled","adv-header-id-meta":"","stick-header-meta":"","header-above-stick-meta":"","header-main-stick-meta":"","header-below-stick-meta":"","astra-migrate-meta-layouts":"default","ast-page-background-enabled":"default","ast-page-background-meta":{"desktop":{"background-color":"","background-image":"","background-repeat":"repeat","background-position":"center center","background-size":"auto","background-attachment":"scroll","background-type":"","background-media":"","overlay-type":"","overlay-color":"","overlay-opacity":"","overlay-gradient":""},"tablet":{"background-color":"","background-image":"","background-repeat":"repeat","background-position":"center center","background-size":"auto","background-attachment":"scroll","background-type":"","background-media":"","overlay-type":"","overlay-color":"","overlay-opacity":"","overlay-gradient":""},"mobile":{"background-color":"","background-image":"","background-repeat":"repeat","background-position":"center center","background-size":"auto","background-attachment":"scroll","background-type":"","background-media":"","overlay-type":"","overlay-color":"","overlay-opacity":"","overlay-gradient":""}},"ast-content-background-meta":{"desktop":{"background-color":"var(--ast-global-color-5)","background-image":"","background-repeat":"repeat","background-position":"center center","background-size":"auto","background-attachment":"scroll","background-type":"","background-media":"","overlay-type":"","overlay-color":"","overlay-opacity":"","overlay-gradient":""},"tablet":{"background-color":"var(--ast-global-color-5)","background-image":"","background-repeat":"repeat","background-position":"center center","background-size":"auto","background-attachment":"scroll","background-type":"","background-media":"","overlay-type":"","overlay-color":"","overlay-opacity":"","overlay-gradient":""},"mobile":{"background-color":"var(--ast-global-color-5)","background-image":"","background-repeat":"repeat","background-position":"center center","background-size":"auto","background-attachment":"scroll","background-type":"","background-media":"","overlay-type":"","overlay-color":"","overlay-opacity":"","overlay-gradient":""}},"footnotes":""},"class_list":["post-2907","page","type-page","status-publish","hentry"],"acf":[],"aioseo_notices":[],"_links":{"self":[{"href":"https:\/\/polygonestudio.fr\/index.php?rest_route=\/wp\/v2\/pages\/2907","targetHints":{"allow":["GET"]}}],"collection":[{"href":"https:\/\/polygonestudio.fr\/index.php?rest_route=\/wp\/v2\/pages"}],"about":[{"href":"https:\/\/polygonestudio.fr\/index.php?rest_route=\/wp\/v2\/types\/page"}],"author":[{"embeddable":true,"href":"https:\/\/polygonestudio.fr\/index.php?rest_route=\/wp\/v2\/users\/1"}],"replies":[{"embeddable":true,"href":"https:\/\/polygonestudio.fr\/index.php?rest_route=%2Fwp%2Fv2%2Fcomments&post=2907"}],"version-history":[{"count":4,"href":"https:\/\/polygonestudio.fr\/index.php?rest_route=\/wp\/v2\/pages\/2907\/revisions"}],"predecessor-version":[{"id":2911,"href":"https:\/\/polygonestudio.fr\/index.php?rest_route=\/wp\/v2\/pages\/2907\/revisions\/2911"}],"wp:attachment":[{"href":"https:\/\/polygonestudio.fr\/index.php?rest_route=%2Fwp%2Fv2%2Fmedia&parent=2907"}],"curies":[{"name":"wp","href":"https:\/\/api.w.org\/{rel}","templated":true}]}}